{"id":89,"date":"2018-01-05T19:31:44","date_gmt":"2018-01-05T19:31:44","guid":{"rendered":"http:\/\/wordpress.fahrschule-reinholz.de\/?page_id=89"},"modified":"2020-05-13T21:06:29","modified_gmt":"2020-05-13T19:06:29","slug":"fuhrpark","status":"publish","type":"page","link":"https:\/\/fahrschule-reinholz.de\/?page_id=89","title":{"rendered":"Fuhrpark"},"content":{"rendered":"\n<p>Unser Fuhrpark. F\u00fcr den <a href=\"https:\/\/fahrschule-reinholz.de\/?page_id=191\">Autof\u00fchrerschein<\/a> haben wir zwei BMW X1 zu Verf\u00fcgung. Ausserdem steht f\u00fcr die Anh\u00e4nger Ausbildung ein gro\u00dfer Anh\u00e4nger zu Verf\u00fcgung. Den <a href=\"https:\/\/fahrschule-reinholz.de\/?page_id=226\">Motorrad F\u00fchrerschein<\/a> schulen wir auf Motorr\u00e4dern der Marke Honda. <\/p>\n\n\n\n<p><\/p>\n\n\n\n<figure class=\"wp-block-gallery columns-3 is-cropped wp-block-gallery-1 is-layout-flex wp-block-gallery-is-layout-flex\"><ul class=\"blocks-gallery-grid\"><li class=\"blocks-gallery-item\"><figure><a href=\"https:\/\/fahrschule-reinholz.de\/wp-content\/uploads\/2020\/05\/2020-05-12-Fuhrpark-BMW-1.jpg\"><img loading=\"lazy\" decoding=\"async\" width=\"768\" height=\"1024\" src=\"https:\/\/fahrschule-reinholz.de\/wp-content\/uploads\/2020\/05\/2020-05-12-Fuhrpark-BMW-1-768x1024.jpg\" alt=\"Einfach fahren lernen\" data-id=\"785\" data-full-url=\"https:\/\/fahrschule-reinholz.de\/wp-content\/uploads\/2020\/05\/2020-05-12-Fuhrpark-BMW-1.jpg\" data-link=\"https:\/\/fahrschule-reinholz.de\/?attachment_id=785\" class=\"wp-image-785\" srcset=\"https:\/\/fahrschule-reinholz.de\/wp-content\/uploads\/2020\/05\/2020-05-12-Fuhrpark-BMW-1-768x1024.jpg 768w, https:\/\/fahrschule-reinholz.de\/wp-content\/uploads\/2020\/05\/2020-05-12-Fuhrpark-BMW-1-225x300.jpg 225w, https:\/\/fahrschule-reinholz.de\/wp-content\/uploads\/2020\/05\/2020-05-12-Fuhrpark-BMW-1-1152x1536.jpg 1152w, https:\/\/fahrschule-reinholz.de\/wp-content\/uploads\/2020\/05\/2020-05-12-Fuhrpark-BMW-1.jpg 1488w\" sizes=\"auto, (max-width: 768px) 100vw, 768px\" \/><\/a><figcaption class=\"blocks-gallery-item__caption\">Fahrschule Reinholz &#8211; Einfach fahren lernen<\/figcaption><\/figure><\/li><li class=\"blocks-gallery-item\"><figure><a href=\"https:\/\/fahrschule-reinholz.de\/wp-content\/uploads\/2018\/07\/bmw_front.jpg\"><img loading=\"lazy\" decoding=\"async\" width=\"1024\" height=\"768\" src=\"https:\/\/fahrschule-reinholz.de\/wp-content\/uploads\/2018\/07\/bmw_front-1024x768.jpg\" alt=\"Wir schulen auf BMW\" data-id=\"483\" data-full-url=\"https:\/\/fahrschule-reinholz.de\/wp-content\/uploads\/2018\/07\/bmw_front.jpg\" data-link=\"https:\/\/fahrschule-reinholz.de\/?attachment_id=483\" class=\"wp-image-483\" srcset=\"https:\/\/fahrschule-reinholz.de\/wp-content\/uploads\/2018\/07\/bmw_front-1024x768.jpg 1024w, https:\/\/fahrschule-reinholz.de\/wp-content\/uploads\/2018\/07\/bmw_front-300x225.jpg 300w, https:\/\/fahrschule-reinholz.de\/wp-content\/uploads\/2018\/07\/bmw_front-768x576.jpg 768w\" sizes=\"auto, (max-width: 1024px) 100vw, 1024px\" \/><\/a><figcaption class=\"blocks-gallery-item__caption\">BMW X1<\/figcaption><\/figure><\/li><li class=\"blocks-gallery-item\"><figure><a href=\"https:\/\/fahrschule-reinholz.de\/wp-content\/uploads\/2020\/05\/2020-05-12-BMW-x1-III-scaled.jpg\"><img loading=\"lazy\" decoding=\"async\" width=\"1024\" height=\"768\" src=\"https:\/\/fahrschule-reinholz.de\/wp-content\/uploads\/2020\/05\/2020-05-12-BMW-x1-III-1024x768.jpg\" alt=\"BMW von Volker\" data-id=\"757\" data-full-url=\"https:\/\/fahrschule-reinholz.de\/wp-content\/uploads\/2020\/05\/2020-05-12-BMW-x1-III-scaled.jpg\" data-link=\"https:\/\/fahrschule-reinholz.de\/?attachment_id=757\" class=\"wp-image-757\" srcset=\"https:\/\/fahrschule-reinholz.de\/wp-content\/uploads\/2020\/05\/2020-05-12-BMW-x1-III-1024x768.jpg 1024w, https:\/\/fahrschule-reinholz.de\/wp-content\/uploads\/2020\/05\/2020-05-12-BMW-x1-III-300x225.jpg 300w, https:\/\/fahrschule-reinholz.de\/wp-content\/uploads\/2020\/05\/2020-05-12-BMW-x1-III-768x576.jpg 768w, https:\/\/fahrschule-reinholz.de\/wp-content\/uploads\/2020\/05\/2020-05-12-BMW-x1-III-1536x1152.jpg 1536w, https:\/\/fahrschule-reinholz.de\/wp-content\/uploads\/2020\/05\/2020-05-12-BMW-x1-III-2048x1536.jpg 2048w\" sizes=\"auto, (max-width: 1024px) 100vw, 1024px\" \/><\/a><figcaption class=\"blocks-gallery-item__caption\">BMW X1 von Volker<\/figcaption><\/figure><\/li><li class=\"blocks-gallery-item\"><figure><a href=\"https:\/\/fahrschule-reinholz.de\/wp-content\/uploads\/2020\/05\/2020-05-12-BMW-X1-Andreas.jpg\"><img loading=\"lazy\" decoding=\"async\" width=\"768\" height=\"1024\" src=\"https:\/\/fahrschule-reinholz.de\/wp-content\/uploads\/2020\/05\/2020-05-12-BMW-X1-Andreas-768x1024.jpg\" alt=\"\" data-id=\"763\" data-full-url=\"https:\/\/fahrschule-reinholz.de\/wp-content\/uploads\/2020\/05\/2020-05-12-BMW-X1-Andreas.jpg\" data-link=\"https:\/\/fahrschule-reinholz.de\/?attachment_id=763\" class=\"wp-image-763\" srcset=\"https:\/\/fahrschule-reinholz.de\/wp-content\/uploads\/2020\/05\/2020-05-12-BMW-X1-Andreas-768x1024.jpg 768w, https:\/\/fahrschule-reinholz.de\/wp-content\/uploads\/2020\/05\/2020-05-12-BMW-X1-Andreas-225x300.jpg 225w, https:\/\/fahrschule-reinholz.de\/wp-content\/uploads\/2020\/05\/2020-05-12-BMW-X1-Andreas-1152x1536.jpg 1152w, https:\/\/fahrschule-reinholz.de\/wp-content\/uploads\/2020\/05\/2020-05-12-BMW-X1-Andreas.jpg 1200w\" sizes=\"auto, (max-width: 768px) 100vw, 768px\" \/><\/a><figcaption class=\"blocks-gallery-item__caption\">BMW X1 von Andreas<\/figcaption><\/figure><\/li><li class=\"blocks-gallery-item\"><figure><a href=\"https:\/\/fahrschule-reinholz.de\/wp-content\/uploads\/2020\/05\/2020-05-12-BMW-X1-Volker-mit-Anh\u00e4nger.jpg\"><img decoding=\"async\" src=\"https:\/\/fahrschule-reinholz.de\/wp-content\/uploads\/2020\/05\/2020-05-12-BMW-X1-Volker-mit-Anh\u00e4nger-768x1024.jpg\" alt=\"\" data-id=\"764\" data-full-url=\"https:\/\/fahrschule-reinholz.de\/wp-content\/uploads\/2020\/05\/2020-05-12-BMW-X1-Volker-mit-Anh\u00e4nger.jpg\" data-link=\"https:\/\/fahrschule-reinholz.de\/?attachment_id=764\" class=\"wp-image-764\"\/><\/a><figcaption class=\"blocks-gallery-item__caption\">BMW X1 mit Anh\u00e4nger<\/figcaption><\/figure><\/li><li class=\"blocks-gallery-item\"><figure><a href=\"https:\/\/fahrschule-reinholz.de\/wp-content\/uploads\/2020\/05\/2020-05-12-Zweiradklasse-A.jpg\"><img loading=\"lazy\" decoding=\"async\" width=\"1024\" height=\"576\" src=\"https:\/\/fahrschule-reinholz.de\/wp-content\/uploads\/2020\/05\/2020-05-12-Zweiradklasse-A-1024x576.jpg\" alt=\"Zweiradklasse A\" data-id=\"880\" data-full-url=\"https:\/\/fahrschule-reinholz.de\/wp-content\/uploads\/2020\/05\/2020-05-12-Zweiradklasse-A.jpg\" data-link=\"https:\/\/fahrschule-reinholz.de\/?attachment_id=880\" class=\"wp-image-880\" srcset=\"https:\/\/fahrschule-reinholz.de\/wp-content\/uploads\/2020\/05\/2020-05-12-Zweiradklasse-A-1024x576.jpg 1024w, https:\/\/fahrschule-reinholz.de\/wp-content\/uploads\/2020\/05\/2020-05-12-Zweiradklasse-A-300x169.jpg 300w, https:\/\/fahrschule-reinholz.de\/wp-content\/uploads\/2020\/05\/2020-05-12-Zweiradklasse-A-768x432.jpg 768w, https:\/\/fahrschule-reinholz.de\/wp-content\/uploads\/2020\/05\/2020-05-12-Zweiradklasse-A-1536x864.jpg 1536w, https:\/\/fahrschule-reinholz.de\/wp-content\/uploads\/2020\/05\/2020-05-12-Zweiradklasse-A.jpg 1600w\" sizes=\"auto, (max-width: 1024px) 100vw, 1024px\" \/><\/a><figcaption class=\"blocks-gallery-item__caption\">Zweiradklasse A<\/figcaption><\/figure><\/li><li class=\"blocks-gallery-item\"><figure><a href=\"https:\/\/fahrschule-reinholz.de\/wp-content\/uploads\/2020\/05\/2020-05-12-Zweiradklasse-A1-IV-scaled.jpg\"><img loading=\"lazy\" decoding=\"async\" width=\"768\" height=\"1024\" src=\"https:\/\/fahrschule-reinholz.de\/wp-content\/uploads\/2020\/05\/2020-05-12-Zweiradklasse-A1-IV-768x1024.jpg\" alt=\"\" data-id=\"761\" data-full-url=\"https:\/\/fahrschule-reinholz.de\/wp-content\/uploads\/2020\/05\/2020-05-12-Zweiradklasse-A1-IV-scaled.jpg\" data-link=\"https:\/\/fahrschule-reinholz.de\/?attachment_id=761\" class=\"wp-image-761\" srcset=\"https:\/\/fahrschule-reinholz.de\/wp-content\/uploads\/2020\/05\/2020-05-12-Zweiradklasse-A1-IV-768x1024.jpg 768w, https:\/\/fahrschule-reinholz.de\/wp-content\/uploads\/2020\/05\/2020-05-12-Zweiradklasse-A1-IV-225x300.jpg 225w, https:\/\/fahrschule-reinholz.de\/wp-content\/uploads\/2020\/05\/2020-05-12-Zweiradklasse-A1-IV-1152x1536.jpg 1152w, https:\/\/fahrschule-reinholz.de\/wp-content\/uploads\/2020\/05\/2020-05-12-Zweiradklasse-A1-IV-1536x2048.jpg 1536w, https:\/\/fahrschule-reinholz.de\/wp-content\/uploads\/2020\/05\/2020-05-12-Zweiradklasse-A1-IV-scaled.jpg 1920w\" sizes=\"auto, (max-width: 768px) 100vw, 768px\" \/><\/a><figcaption class=\"blocks-gallery-item__caption\">Klasse A1<\/figcaption><\/figure><\/li><li class=\"blocks-gallery-item\"><figure><a href=\"https:\/\/fahrschule-reinholz.de\/wp-content\/uploads\/2020\/05\/2020-05-12-Zweiradklasse-A2-e1589316412964.jpg\"><img loading=\"lazy\" decoding=\"async\" width=\"1024\" height=\"678\" src=\"https:\/\/fahrschule-reinholz.de\/wp-content\/uploads\/2020\/05\/2020-05-12-Zweiradklasse-A2-e1589316412964-1024x678.jpg\" alt=\"Zweiradklasse A2\" data-id=\"795\" data-full-url=\"https:\/\/fahrschule-reinholz.de\/wp-content\/uploads\/2020\/05\/2020-05-12-Zweiradklasse-A2-e1589316412964.jpg\" data-link=\"https:\/\/fahrschule-reinholz.de\/?attachment_id=795\" class=\"wp-image-795\" srcset=\"https:\/\/fahrschule-reinholz.de\/wp-content\/uploads\/2020\/05\/2020-05-12-Zweiradklasse-A2-e1589316412964-1024x678.jpg 1024w, https:\/\/fahrschule-reinholz.de\/wp-content\/uploads\/2020\/05\/2020-05-12-Zweiradklasse-A2-e1589316412964-300x200.jpg 300w, https:\/\/fahrschule-reinholz.de\/wp-content\/uploads\/2020\/05\/2020-05-12-Zweiradklasse-A2-e1589316412964-768x508.jpg 768w, https:\/\/fahrschule-reinholz.de\/wp-content\/uploads\/2020\/05\/2020-05-12-Zweiradklasse-A2-e1589316412964.jpg 1360w\" sizes=\"auto, (max-width: 1024px) 100vw, 1024px\" \/><\/a><figcaption class=\"blocks-gallery-item__caption\">Klasse A2<\/figcaption><\/figure><\/li><\/ul><\/figure>\n","protected":false},"excerpt":{"rendered":"<p>Unser Fuhrpark. F\u00fcr den Autof\u00fchrerschein haben wir zwei BMW X1 zu Verf\u00fcgung. Ausserdem steht f\u00fcr die Anh\u00e4nger Ausbildung ein gro\u00dfer Anh\u00e4nger zu Verf\u00fcgung. Den Motorrad F\u00fchrerschein schulen wir auf Motorr\u00e4dern der Marke Honda.<\/p>\n","protected":false},"author":1,"featured_media":0,"parent":0,"menu_order":4,"comment_status":"closed","ping_status":"closed","template":"","meta":{"_bbp_topic_count":0,"_bbp_reply_count":0,"_bbp_total_topic_count":0,"_bbp_total_reply_count":0,"_bbp_voice_count":0,"_bbp_anonymous_reply_count":0,"_bbp_topic_count_hidden":0,"_bbp_reply_count_hidden":0,"_bbp_forum_subforum_count":0,"spay_email":"","footnotes":""},"class_list":["post-89","page","type-page","status-publish","hentry"],"yoast_head":"<!-- This site is optimized with the Yoast SEO plugin v14.7 - https:\/\/yoast.com\/wordpress\/plugins\/seo\/ -->\n<title>Unser Fuhrpark - Fahrschule Reinholz - Einfach fahren lernen<\/title>\n<meta name=\"description\" content=\"Unser Fuhrpark. Wir haben verschiedene Motorr\u00e4der um auf die verschieden Klassen zu schulen. Den Autof\u00fchrerschein kannst du bei uns im BMW X1 machen.\" \/>\n<meta name=\"robots\" content=\"noindex, follow\" \/>\n<meta property=\"og:locale\" content=\"de_DE\" \/>\n<meta property=\"og:type\" content=\"article\" \/>\n<meta property=\"og:title\" content=\"Unser Fuhrpark - Fahrschule Reinholz - Einfach fahren lernen\" \/>\n<meta property=\"og:description\" content=\"Unser Fuhrpark. Wir haben verschiedene Motorr\u00e4der um auf die verschieden Klassen zu schulen. Den Autof\u00fchrerschein kannst du bei uns im BMW X1 machen.\" \/>\n<meta property=\"og:url\" content=\"https:\/\/fahrschule-reinholz.de\/?page_id=89\" \/>\n<meta property=\"og:site_name\" content=\"Fahrschule Reinholz\" \/>\n<meta property=\"article:publisher\" content=\"https:\/\/www.facebook.com\/FahrschuleReinholzGmbh\/\" \/>\n<meta property=\"article:modified_time\" content=\"2020-05-13T19:06:29+00:00\" \/>\n<meta property=\"og:image\" content=\"https:\/\/fahrschule-reinholz.de\/wp-content\/uploads\/2020\/05\/2020-05-12-Fuhrpark-BMW-1-768x1024.jpg\" \/>\n<meta name=\"twitter:card\" content=\"summary_large_image\" \/>\n<script type=\"application\/ld+json\" class=\"yoast-schema-graph\">{\"@context\":\"https:\/\/schema.org\",\"@graph\":[{\"@type\":\"Organization\",\"@id\":\"https:\/\/fahrschule-reinholz.de\/#organization\",\"name\":\"Fahrschule Reinholz\",\"url\":\"https:\/\/fahrschule-reinholz.de\/\",\"sameAs\":[\"https:\/\/www.facebook.com\/FahrschuleReinholzGmbh\/\"],\"logo\":{\"@type\":\"ImageObject\",\"@id\":\"https:\/\/fahrschule-reinholz.de\/#logo\",\"inLanguage\":\"de\",\"url\":\"\",\"caption\":\"Fahrschule Reinholz\"},\"image\":{\"@id\":\"https:\/\/fahrschule-reinholz.de\/#logo\"}},{\"@type\":\"WebSite\",\"@id\":\"https:\/\/fahrschule-reinholz.de\/#website\",\"url\":\"https:\/\/fahrschule-reinholz.de\/\",\"name\":\"Fahrschule Reinholz\",\"description\":\"einfach fahren lernen\",\"publisher\":{\"@id\":\"https:\/\/fahrschule-reinholz.de\/#organization\"},\"potentialAction\":[{\"@type\":\"SearchAction\",\"target\":\"https:\/\/fahrschule-reinholz.de\/?s={search_term_string}\",\"query-input\":\"required name=search_term_string\"}],\"inLanguage\":\"de\"},{\"@type\":\"ImageObject\",\"@id\":\"https:\/\/fahrschule-reinholz.de\/?page_id=89#primaryimage\",\"inLanguage\":\"de\",\"url\":\"https:\/\/fahrschule-reinholz.de\/wp-content\/uploads\/2020\/05\/2020-05-12-Fuhrpark-BMW-1.jpg\",\"width\":1488,\"height\":1984,\"caption\":\"Fahrschule Reinholz - Einfach fahren lernen\"},{\"@type\":\"WebPage\",\"@id\":\"https:\/\/fahrschule-reinholz.de\/?page_id=89#webpage\",\"url\":\"https:\/\/fahrschule-reinholz.de\/?page_id=89\",\"name\":\"Unser Fuhrpark - Fahrschule Reinholz - Einfach fahren lernen\",\"isPartOf\":{\"@id\":\"https:\/\/fahrschule-reinholz.de\/#website\"},\"primaryImageOfPage\":{\"@id\":\"https:\/\/fahrschule-reinholz.de\/?page_id=89#primaryimage\"},\"datePublished\":\"2018-01-05T19:31:44+00:00\",\"dateModified\":\"2020-05-13T19:06:29+00:00\",\"description\":\"Unser Fuhrpark. Wir haben verschiedene Motorr\\u00e4der um auf die verschieden Klassen zu schulen. Den Autof\\u00fchrerschein kannst du bei uns im BMW X1 machen.\",\"inLanguage\":\"de\",\"potentialAction\":[{\"@type\":\"ReadAction\",\"target\":[\"https:\/\/fahrschule-reinholz.de\/?page_id=89\"]}]}]}<\/script>\n<!-- \/ Yoast SEO plugin. -->","jetpack_shortlink":"https:\/\/wp.me\/P9ymuU-1r","_links":{"self":[{"href":"https:\/\/fahrschule-reinholz.de\/index.php?rest_route=\/wp\/v2\/pages\/89","targetHints":{"allow":["GET"]}}],"collection":[{"href":"https:\/\/fahrschule-reinholz.de\/index.php?rest_route=\/wp\/v2\/pages"}],"about":[{"href":"https:\/\/fahrschule-reinholz.de\/index.php?rest_route=\/wp\/v2\/types\/page"}],"author":[{"embeddable":true,"href":"https:\/\/fahrschule-reinholz.de\/index.php?rest_route=\/wp\/v2\/users\/1"}],"replies":[{"embeddable":true,"href":"https:\/\/fahrschule-reinholz.de\/index.php?rest_route=%2Fwp%2Fv2%2Fcomments&post=89"}],"version-history":[{"count":14,"href":"https:\/\/fahrschule-reinholz.de\/index.php?rest_route=\/wp\/v2\/pages\/89\/revisions"}],"predecessor-version":[{"id":881,"href":"https:\/\/fahrschule-reinholz.de\/index.php?rest_route=\/wp\/v2\/pages\/89\/revisions\/881"}],"wp:attachment":[{"href":"https:\/\/fahrschule-reinholz.de\/index.php?rest_route=%2Fwp%2Fv2%2Fmedia&parent=89"}],"curies":[{"name":"wp","href":"https:\/\/api.w.org\/{rel}","templated":true}]}}